{"id":61,"date":"2019-02-28T11:08:05","date_gmt":"2019-02-28T08:08:05","guid":{"rendered":"http:\/\/10.0.2.253:81\/wordpress\/wordpress-5.0.3-tr_TR\/wordpress\/contact"},"modified":"2021-04-01T18:13:53","modified_gmt":"2021-04-01T18:13:53","slug":"contact","status":"publish","type":"page","link":"https:\/\/www.kerimdenizcilik.com\/?page_id=61","title":{"rendered":"\u0130leti\u015fim"},"content":{"rendered":"<p>[vc_row][vc_column][vc_column_text]<span style=\"font-size: 12pt;\">Kerim Denizcilik Ticaret ve Sanayi A.\u015e.<\/span><br \/>\n<span style=\"font-size: 12pt;\">\u0130smet \u0130n\u00f6n\u00fc Bulvar\u0131 Bat\u0131 Han<\/span><br \/>\n<span style=\"font-size: 12pt;\">Kat 3 No 82\/5 33100<\/span><br \/>\n<span style=\"font-size: 12pt;\">Mersin &#8211; T\u00fcrkiye<\/span><br \/>\n<span style=\"font-size: 12pt;\">Tel : +90 324 237 57 93 &#8211; 237 08 90 &#8211; 238 60 27<\/span><br \/>\n<span style=\"font-size: 12pt;\">Fax: +90 324 232 22 05<\/span><br \/>\n<span style=\"font-size: 12pt;\">E-mail : <a href=\"mailto:info@kerimshipping.com\">info@kerimshipping.com<\/a> <\/span><\/p>\n<p><span style=\"font-size: 12pt;\">\u00a0 \u00a0 \u00a0 \u00a0 \u00a0 \u00a0 \u00a0 <a href=\"mailto:info@kerimdenizcilik.com\">info@kerimdenizcilik.com<\/a><\/span><\/p>\n<p>Y\u00f6netim Kurulu ba\u015fkan\u0131<br \/>\nMustafa TUNALI<br \/>\nE-mail : <a href=\"mailto:mustafa@kerimshipping.com\">mustafa@kerimshipping.com<\/a><\/p>\n<p><span style=\"font-size: 12pt;\">\u00a0 \u00a0 \u00a0 \u00a0 \u00a0 \u00a0 \u00a0 \u00a0<a href=\"mailto:mustafa@kerimdenizcilik.com\">mustafa@kerimdenizcilik.com<\/a><\/span><\/p>\n<p>[\/vc_column_text][\/vc_column][\/vc_row][vc_row][vc_column][vc_gmaps link=&#8221;#E-8_JTNDaWZyYW1lJTIwc3JjJTNEJTIyaHR0cHMlM0ElMkYlMkZ3d3cuZ29vZ2xlLmNvbSUyRm1hcHMlMkZlbWJlZCUzRnBiJTNEJTIxMW0xMCUyMTFtOCUyMTFtMyUyMTFkMzE5NC43NzM0MTAyOTc5MzQlMjEyZDM0LjYzMzY5NjgwODA3NjczNSUyMTNkMzYuNzk5OTgyODE1NzA3NSUyMTNtMiUyMTFpMTAyNCUyMTJpNzY4JTIxNGYxMy4xJTIxNWUwJTIxM20yJTIxMXN0ciUyMTJzdHIlMjE0djE1NTMyNjMyNTc2OTclMjIlMjB3aWR0aCUzRCUyMjYwMCUyMiUyMGhlaWdodCUzRCUyMjQ1MCUyMiUyMGZyYW1lYm9yZGVyJTNEJTIyMCUyMiUyMHN0eWxlJTNEJTIyYm9yZGVyJTNBMCUyMiUyMGFsbG93ZnVsbHNjcmVlbiUzRSUzQyUyRmlmcmFtZSUzRQ==&#8221; title=&#8221;NEREDEY\u0130Z?&#8221;][\/vc_column][\/vc_row]<\/p>\n","protected":false},"excerpt":{"rendered":"<p>[vc_row][vc_column][vc_column_text]Kerim Denizcilik Ticaret ve Sanayi A.\u015e. \u0130smet \u0130n\u00f6n\u00fc Bulvar\u0131 Bat\u0131 Han Kat 3 No 82\/5 33100 Mersin &#8211; T\u00fcrkiye Tel : +90 324 237 57 93 &#8211; 237 08 90 &#8211; 238 60 27 Fax: +90 324 232 22 05 E-mail : info@kerimshipping.com \u00a0 \u00a0 \u00a0 \u00a0 \u00a0 \u00a0 \u00a0 info@kerimdenizcilik.com Y\u00f6netim Kurulu ba\u015fkan\u0131 Mustafa &hellip; <a href=\"https:\/\/www.kerimdenizcilik.com\/?page_id=61\" class=\"more-link\">Okumaya devam et <span class=\"screen-reader-text\">\u0130leti\u015fim<\/span><\/a><\/p>\n","protected":false},"author":1,"featured_media":0,"parent":0,"menu_order":0,"comment_status":"closed","ping_status":"closed","template":"","meta":{"_tr_post_content":"[vc_row][vc_column][vc_column_text]<span style=\"font-size: 12pt;\">Kerim Denizcilik Ticaret ve Sanayi A.\u015e.<\/span>\n<span style=\"font-size: 12pt;\">\u0130smet \u0130n\u00f6n\u00fc Bulvar\u0131 Bat\u0131 Han<\/span>\n<span style=\"font-size: 12pt;\">Kat 3 No 82\/5 33100<\/span>\n<span style=\"font-size: 12pt;\">Mersin - T\u00fcrkiye<\/span>\n<span style=\"font-size: 12pt;\">Tel : +90 324 237 57 93 - 237 08 90 - 238 60 27<\/span>\n<span style=\"font-size: 12pt;\">Fax: +90 324 232 22 05<\/span>\n<span style=\"font-size: 12pt;\">E-mail : <a href=\"mailto:info@kerimshipping.com\">info@kerimshipping.com<\/a> <\/span>\n\n<span style=\"font-size: 12pt;\">\u00a0 \u00a0 \u00a0 \u00a0 \u00a0 \u00a0 \u00a0 <a href=\"mailto:info@kerimdenizcilik.com\">info@kerimdenizcilik.com<\/a><\/span>\n\nY\u00f6netim Kurulu ba\u015fkan\u0131\nMustafa TUNALI\nE-mail : <a href=\"mailto:mustafa@kerimshipping.com\">mustafa@kerimshipping.com<\/a>\n\n<span style=\"font-size: 12pt;\">\u00a0 \u00a0 \u00a0 \u00a0 \u00a0 \u00a0 \u00a0 \u00a0<a href=\"mailto:mustafa@kerimdenizcilik.com\">mustafa@kerimdenizcilik.com<\/a><\/span>\n\n[\/vc_column_text][\/vc_column][\/vc_row][vc_row][vc_column][vc_gmaps link=\"#E-8_JTNDaWZyYW1lJTIwc3JjJTNEJTIyaHR0cHMlM0ElMkYlMkZ3d3cuZ29vZ2xlLmNvbSUyRm1hcHMlMkZlbWJlZCUzRnBiJTNEJTIxMW0xMCUyMTFtOCUyMTFtMyUyMTFkMzE5NC43NzM0MTAyOTc5MzQlMjEyZDM0LjYzMzY5NjgwODA3NjczNSUyMTNkMzYuNzk5OTgyODE1NzA3NSUyMTNtMiUyMTFpMTAyNCUyMTJpNzY4JTIxNGYxMy4xJTIxNWUwJTIxM20yJTIxMXN0ciUyMTJzdHIlMjE0djE1NTMyNjMyNTc2OTclMjIlMjB3aWR0aCUzRCUyMjYwMCUyMiUyMGhlaWdodCUzRCUyMjQ1MCUyMiUyMGZyYW1lYm9yZGVyJTNEJTIyMCUyMiUyMHN0eWxlJTNEJTIyYm9yZGVyJTNBMCUyMiUyMGFsbG93ZnVsbHNjcmVlbiUzRSUzQyUyRmlmcmFtZSUzRQ==\" title=\"NEREDEY\u0130Z?\"][\/vc_column][\/vc_row]","_tr_post_name":"contact","_tr_post_excerpt":"\n\t\t\t\t\t\t","_tr_post_title":"\u0130leti\u015fim","_en_post_content":"[vc_row][vc_column][vc_column_text]<span style=\"font-size: 12pt;\">Kerim Denizcilik Ticaret ve Sanayi A.\u015e.<\/span>\n<span style=\"font-size: 12pt;\">\u0130smet \u0130n\u00f6n\u00fc Bulvar\u0131 Bat\u0131 Han<\/span>\n<span style=\"font-size: 12pt;\">Kat 3 No 82\/5 33100<\/span>\n<span style=\"font-size: 12pt;\">Mersin - T\u00fcrkiye<\/span>\n<span style=\"font-size: 12pt;\">Tel : +90 324 237 57 93 - 237 08 90 - 238 60 27<\/span>\n<span style=\"font-size: 12pt;\">Fax: +90 324 232 22 05<\/span>\n<span style=\"font-size: 12pt;\">E-mail : <a href=\"mailto:info@kerimshipping.com\">info@kerimshipping.com<\/a><\/span>\n\n<span style=\"font-size: 12pt;\">\u00a0 \u00a0 \u00a0 \u00a0 \u00a0 \u00a0 \u00a0 <a href=\"mailto:info@kerimdenizcilik.com\">info@kerimdenizcilik.com<\/a><\/span>\n\nChairman of Executive Board\nMustafa TUNALI\nE-mail : <a href=\"mailto:mustafa@kerimshipping.com\">mustafa@kerimshipping.com<\/a>\n\n<span style=\"font-size: 12pt;\">\u00a0 \u00a0 \u00a0 \u00a0 \u00a0 \u00a0 \u00a0 \u00a0<a href=\"mailto:mustafa@kerimdenizcilik.com\">mustafa@kerimdenizcilik.com<\/a><\/span>\n\n[\/vc_column_text][\/vc_column][\/vc_row][vc_row][vc_column][vc_gmaps link=\"#E-8_JTNDaWZyYW1lJTIwc3JjJTNEJTIyaHR0cHMlM0ElMkYlMkZ3d3cuZ29vZ2xlLmNvbSUyRm1hcHMlMkZlbWJlZCUzRnBiJTNEJTIxMW0xMCUyMTFtOCUyMTFtMyUyMTFkMzE5NC43NzM0MTAyOTc5MzQlMjEyZDM0LjYzMzY5NjgwODA3NjczNSUyMTNkMzYuNzk5OTgyODE1NzA3NSUyMTNtMiUyMTFpMTAyNCUyMTJpNzY4JTIxNGYxMy4xJTIxNWUwJTIxM20yJTIxMXN0ciUyMTJzdHIlMjE0djE1NTMyNjMyNTc2OTclMjIlMjB3aWR0aCUzRCUyMjYwMCUyMiUyMGhlaWdodCUzRCUyMjQ1MCUyMiUyMGZyYW1lYm9yZGVyJTNEJTIyMCUyMiUyMHN0eWxlJTNEJTIyYm9yZGVyJTNBMCUyMiUyMGFsbG93ZnVsbHNjcmVlbiUzRSUzQyUyRmlmcmFtZSUzRQ==\" title=\"WHERE ARE WE?\"][\/vc_column][\/vc_row]","_en_post_name":"","_en_post_excerpt":"","_en_post_title":"Contact","edit_language":"tr"},"_links":{"self":[{"href":"https:\/\/www.kerimdenizcilik.com\/index.php?rest_route=\/wp\/v2\/pages\/61"}],"collection":[{"href":"https:\/\/www.kerimdenizcilik.com\/index.php?rest_route=\/wp\/v2\/pages"}],"about":[{"href":"https:\/\/www.kerimdenizcilik.com\/index.php?rest_route=\/wp\/v2\/types\/page"}],"author":[{"embeddable":true,"href":"https:\/\/www.kerimdenizcilik.com\/index.php?rest_route=\/wp\/v2\/users\/1"}],"replies":[{"embeddable":true,"href":"https:\/\/www.kerimdenizcilik.com\/index.php?rest_route=%2Fwp%2Fv2%2Fcomments&post=61"}],"version-history":[{"count":14,"href":"https:\/\/www.kerimdenizcilik.com\/index.php?rest_route=\/wp\/v2\/pages\/61\/revisions"}],"predecessor-version":[{"id":279,"href":"https:\/\/www.kerimdenizcilik.com\/index.php?rest_route=\/wp\/v2\/pages\/61\/revisions\/279"}],"wp:attachment":[{"href":"https:\/\/www.kerimdenizcilik.com\/index.php?rest_route=%2Fwp%2Fv2%2Fmedia&parent=61"}],"curies":[{"name":"wp","href":"https:\/\/api.w.org\/{rel}","templated":true}]}}