{"id":59,"date":"2019-01-26T12:59:32","date_gmt":"2019-01-26T12:59:32","guid":{"rendered":"http:\/\/10.0.2.253:81\/wordpress\/wordpress-5.0.3-tr_TR\/wordpress\/?page_id=2"},"modified":"2023-05-25T19:53:35","modified_gmt":"2023-05-25T19:53:35","slug":"anasayfa","status":"publish","type":"page","link":"https:\/\/www.kerimdenizcilik.com\/","title":{"rendered":"Ana Sayfa"},"content":{"rendered":"<p>[vc_row][vc_column][vc_gallery type=&#8221;flexslider_slide&#8221; interval=&#8221;3&#8243; source=&#8221;external_link&#8221; external_img_size=&#8221;1200&#215;400&#8243; onclick=&#8221;&#8221; custom_srcs=&#8221;#E-8_aHR0cCUzQSUyRiUyRmtlcmltc2hpcHBpbmcuY29tJTJGd3AtY29udGVudCUyRnVwbG9hZHMlMkYyMDIxJTJGc2xpZGUxMS5qcGclMkNodHRwJTNBJTJGJTJGa2VyaW1zaGlwcGluZy5jb20lMkZ3cC1jb250ZW50JTJGdXBsb2FkcyUyRjIwMjElMkZzbGlkZTIyLmpwZyUyQ2h0dHAlM0ElMkYlMkZrZXJpbXNoaXBwaW5nLmNvbSUyRndwLWNvbnRlbnQlMkZ1cGxvYWRzJTJGMjAyMSUyRnNsaWRlMzMuanBn&#8221;][\/vc_column][\/vc_row][vc_row][vc_column][vc_tta_tour][vc_tta_section title=&#8221;Bilgi&#8221; tab_id=&#8221;1553261841855-009d8c56-cf1e&#8221;][vc_btn title=&#8221;Konteyner \u00d6l\u00e7\u00fc Bilgileri&#8221; link=&#8221;url:http%3A%2F%2Fwww.kerimshipping.com%2F%3Fpage_id%3D110|title:Konteyner%20%C3%B6l%C3%A7%C3%BCleri||&#8221;][vc_btn title=&#8221;Gemi Terimleri&#8221; link=&#8221;url:http%3A%2F%2Fwww.kerimshipping.com%2F%3Fpage_id%3D62|title:D%C3%B6k%C3%BCmanlar||&#8221;][\/vc_tta_section][vc_tta_section title=&#8221;Takip&#8221; tab_id=&#8221;1553261841855-9aa9f039-dd52&#8243;][vc_btn title=&#8221;Konteyner Takibi i\u00e7in bize yaz\u0131n&#8221; link=&#8221;url:mailto%3Ainfo%40kerimshipping.com|||&#8221;][\/vc_tta_section][\/vc_tta_tour][\/vc_column][\/vc_row][vc_row][vc_column][vc_cta h2=&#8221;F\u0130LO&#8221;]<span style=\"font-size: 10pt;\">5 ADET 32 TONLUK FORK LIFT<\/span><br \/>\n<span style=\"font-size: 10pt;\">1 ADET 28 TONLUK FOR LIFT<\/span><br \/>\n<span style=\"font-size: 10pt;\">2 ADET 10 TONLUK BO\u015e KONTEYNER \u0130ST\u0130FLEME MAK\u0130NASI (STACKER)<\/span><br \/>\n<span style=\"font-size: 10pt;\">3 ADET 7 TONLUK FORK LIFT<\/span><br \/>\n<span style=\"font-size: 10pt;\">1 ADET 5 TONLUK FORK LIFT<\/span><br \/>\n<span style=\"font-size: 10pt;\">1 ADET 4 TONLUK FORK LIFT<\/span><br \/>\n<span style=\"font-size: 10pt;\">2 ADET 3 TONLUK FORK LIFT<\/span><br \/>\n<span style=\"font-size: 10pt;\">3 ADET ROMORKLU TIR<\/span><br \/>\n<span style=\"font-size: 10pt;\">1 ADET 20\u2019 KONTEYNER SPREADER ATA\u015eMANI<\/span><br \/>\n<span style=\"font-size: 10pt;\">1 ADET 40\u2019 KONTEYNER SPREADER ATA\u015eMANI<\/span><\/p>\n<p><span style=\"font-size: 10pt;\">BLOK MERMER VE KONTEYNER STOK SAHASI:<\/span><\/p>\n<p><span style=\"font-size: 10pt;\">Ana yola 20 m. Limana 300 m mesafede ayr\u0131ca demiryolu ula\u015f\u0131m\u0131 olan, demiryoluyla g\u00f6nderilen mallar\u0131n do\u011frudan saha i\u00e7erisine vagonlarla getirilerek tahliye imkan\u0131 olan, 24 saat g\u00fcvenlik g\u00f6revlisi ve g\u00fcvenlik kameralar\u0131 kontrol\u00fcnde olan 30 d\u00f6n\u00fcm a\u00e7\u0131k stok saham\u0131z t\u00fcm talepler i\u00e7in 24 saat hizmet vermektedir.<\/span>[\/vc_cta][\/vc_column][\/vc_row][vc_row][vc_column][vc_hoverbox image=&#8221;265&#8243; primary_title=&#8221;Deniz Ta\u015f\u0131mac\u0131l\u0131\u011f\u0131&#8221; hover_title=&#8221;Deniz Ta\u015f\u0131mac\u0131l\u0131\u011f\u0131&#8221;]Deniz Ta\u015f\u0131mac\u0131l\u0131\u011f\u0131 Hakk\u0131nda k\u0131sa bilgilendirme[\/vc_hoverbox][\/vc_column][\/vc_row][vc_row][vc_column][vc_column_text]<\/p>\n<p>[\/vc_column_text][\/vc_column][\/vc_row]<\/p>\n","protected":false},"excerpt":{"rendered":"<p>[vc_row][vc_column][vc_gallery type=&#8221;flexslider_slide&#8221; interval=&#8221;3&#8243; source=&#8221;external_link&#8221; external_img_size=&#8221;1200&#215;400&#8243; onclick=&#8221;&#8221; custom_srcs=&#8221;#E-8_aHR0cCUzQSUyRiUyRmtlcmltc2hpcHBpbmcuY29tJTJGd3AtY29udGVudCUyRnVwbG9hZHMlMkYyMDIxJTJGc2xpZGUxMS5qcGclMkNodHRwJTNBJTJGJTJGa2VyaW1zaGlwcGluZy5jb20lMkZ3cC1jb250ZW50JTJGdXBsb2FkcyUyRjIwMjElMkZzbGlkZTIyLmpwZyUyQ2h0dHAlM0ElMkYlMkZrZXJpbXNoaXBwaW5nLmNvbSUyRndwLWNvbnRlbnQlMkZ1cGxvYWRzJTJGMjAyMSUyRnNsaWRlMzMuanBn&#8221;][\/vc_column][\/vc_row][vc_row][vc_column][vc_tta_tour][vc_tta_section title=&#8221;Bilgi&#8221; tab_id=&#8221;1553261841855-009d8c56-cf1e&#8221;][vc_btn title=&#8221;Konteyner \u00d6l\u00e7\u00fc Bilgileri&#8221; link=&#8221;url:http%3A%2F%2Fwww.kerimshipping.com%2F%3Fpage_id%3D110|title:Konteyner%20%C3%B6l%C3%A7%C3%BCleri||&#8221;][vc_btn title=&#8221;Gemi Terimleri&#8221; link=&#8221;url:http%3A%2F%2Fwww.kerimshipping.com%2F%3Fpage_id%3D62|title:D%C3%B6k%C3%BCmanlar||&#8221;][\/vc_tta_section][vc_tta_section title=&#8221;Takip&#8221; tab_id=&#8221;1553261841855-9aa9f039-dd52&#8243;][vc_btn title=&#8221;Konteyner Takibi i\u00e7in bize yaz\u0131n&#8221; link=&#8221;url:mailto%3Ainfo%40kerimshipping.com|||&#8221;][\/vc_tta_section][\/vc_tta_tour][\/vc_column][\/vc_row][vc_row][vc_column][vc_cta h2=&#8221;F\u0130LO&#8221;]5 ADET 32 TONLUK FORK LIFT 1 ADET 28 TONLUK FOR LIFT 2 ADET 10 TONLUK BO\u015e KONTEYNER \u0130ST\u0130FLEME MAK\u0130NASI (STACKER) 3 ADET 7 TONLUK FORK LIFT 1 ADET 5 TONLUK &hellip; <a href=\"https:\/\/www.kerimdenizcilik.com\/\" class=\"more-link\">Okumaya devam et <span class=\"screen-reader-text\">Ana Sayfa<\/span><\/a><\/p>\n","protected":false},"author":1,"featured_media":0,"parent":0,"menu_order":0,"comment_status":"closed","ping_status":"closed","template":"","meta":{"_tr_post_content":"[vc_row][vc_column][vc_gallery type=\"flexslider_slide\" interval=\"3\" source=\"external_link\" external_img_size=\"1200x400\" onclick=\"\" custom_srcs=\"#E-8_aHR0cCUzQSUyRiUyRmtlcmltc2hpcHBpbmcuY29tJTJGd3AtY29udGVudCUyRnVwbG9hZHMlMkYyMDIxJTJGc2xpZGUxMS5qcGclMkNodHRwJTNBJTJGJTJGa2VyaW1zaGlwcGluZy5jb20lMkZ3cC1jb250ZW50JTJGdXBsb2FkcyUyRjIwMjElMkZzbGlkZTIyLmpwZyUyQ2h0dHAlM0ElMkYlMkZrZXJpbXNoaXBwaW5nLmNvbSUyRndwLWNvbnRlbnQlMkZ1cGxvYWRzJTJGMjAyMSUyRnNsaWRlMzMuanBn\"][\/vc_column][\/vc_row][vc_row][vc_column][vc_tta_tour][vc_tta_section title=\"Bilgi\" tab_id=\"1553261841855-009d8c56-cf1e\"][vc_btn title=\"Konteyner \u00d6l\u00e7\u00fc Bilgileri\" link=\"url:http%3A%2F%2Fwww.kerimshipping.com%2F%3Fpage_id%3D110|title:Konteyner%20%C3%B6l%C3%A7%C3%BCleri||\"][vc_btn title=\"Gemi Terimleri\" link=\"url:http%3A%2F%2Fwww.kerimshipping.com%2F%3Fpage_id%3D62|title:D%C3%B6k%C3%BCmanlar||\"][\/vc_tta_section][vc_tta_section title=\"Takip\" tab_id=\"1553261841855-9aa9f039-dd52\"][vc_btn title=\"Konteyner Takibi i\u00e7in bize yaz\u0131n\" link=\"url:mailto%3Ainfo%40kerimshipping.com|||\"][\/vc_tta_section][\/vc_tta_tour][\/vc_column][\/vc_row][vc_row][vc_column][vc_cta h2=\"F\u0130LO\"]<span style=\"font-size: 10pt;\">5 ADET 32 TONLUK FORK LIFT<\/span>\n<span style=\"font-size: 10pt;\">1 ADET 28 TONLUK FOR LIFT<\/span>\n<span style=\"font-size: 10pt;\">2 ADET 10 TONLUK BO\u015e KONTEYNER \u0130ST\u0130FLEME MAK\u0130NASI (STACKER)<\/span>\n<span style=\"font-size: 10pt;\">3 ADET 7 TONLUK FORK LIFT<\/span>\n<span style=\"font-size: 10pt;\">1 ADET 5 TONLUK FORK LIFT<\/span>\n<span style=\"font-size: 10pt;\">1 ADET 4 TONLUK FORK LIFT<\/span>\n<span style=\"font-size: 10pt;\">2 ADET 3 TONLUK FORK LIFT<\/span>\n<span style=\"font-size: 10pt;\">3 ADET ROMORKLU TIR<\/span>\n<span style=\"font-size: 10pt;\">1 ADET 20\u2019 KONTEYNER SPREADER ATA\u015eMANI<\/span>\n<span style=\"font-size: 10pt;\">1 ADET 40\u2019 KONTEYNER SPREADER ATA\u015eMANI<\/span>\n\n<span style=\"font-size: 10pt;\">BLOK MERMER VE KONTEYNER STOK SAHASI:<\/span>\n\n<span style=\"font-size: 10pt;\">Ana yola 20 m. Limana 300 m mesafede ayr\u0131ca demiryolu ula\u015f\u0131m\u0131 olan, demiryoluyla g\u00f6nderilen mallar\u0131n do\u011frudan saha i\u00e7erisine vagonlarla getirilerek tahliye imkan\u0131 olan, 24 saat g\u00fcvenlik g\u00f6revlisi ve g\u00fcvenlik kameralar\u0131 kontrol\u00fcnde olan 30 d\u00f6n\u00fcm a\u00e7\u0131k stok saham\u0131z t\u00fcm talepler i\u00e7in 24 saat hizmet vermektedir.<\/span>[\/vc_cta][\/vc_column][\/vc_row][vc_row][vc_column][vc_hoverbox image=\"265\" primary_title=\"Deniz Ta\u015f\u0131mac\u0131l\u0131\u011f\u0131\" hover_title=\"Deniz Ta\u015f\u0131mac\u0131l\u0131\u011f\u0131\"]Deniz Ta\u015f\u0131mac\u0131l\u0131\u011f\u0131 Hakk\u0131nda k\u0131sa bilgilendirme[\/vc_hoverbox][\/vc_column][\/vc_row][vc_row][vc_column][vc_column_text]\n\n[\/vc_column_text][\/vc_column][\/vc_row]","_tr_post_name":"anasayfa","_tr_post_excerpt":"\n\t\t\t\t\t\t","_tr_post_title":"Ana Sayfa","_en_post_content":"[vc_row][vc_column][vc_gallery type=\"flexslider_slide\" interval=\"3\" source=\"external_link\" external_img_size=\"1200x400\" onclick=\"\" custom_srcs=\"#E-8_aHR0cCUzQSUyRiUyRmtlcmltc2hpcHBpbmcuY29tJTJGd3AtY29udGVudCUyRnVwbG9hZHMlMkYyMDIxJTJGc2xpZGUxMS5qcGclMkNodHRwJTNBJTJGJTJGa2VyaW1zaGlwcGluZy5jb20lMkZ3cC1jb250ZW50JTJGdXBsb2FkcyUyRjIwMjElMkZzbGlkZTIyLmpwZyUyQ2h0dHAlM0ElMkYlMkZrZXJpbXNoaXBwaW5nLmNvbSUyRndwLWNvbnRlbnQlMkZ1cGxvYWRzJTJGMjAyMSUyRnNsaWRlMzMuanBn\"][\/vc_column][\/vc_row][vc_row][vc_column][vc_tta_tour][vc_tta_section title=\"Information\" tab_id=\"1553261841855-009d8c56-cf1e\"][vc_btn title=\"Container Information\" link=\"url:http%3A%2F%2Fwww.kerimshipping.com%2F%3Fpage_id%3D110|title:Konteyner%20%C3%B6l%C3%A7%C3%BCleri||\"][vc_btn title=\"Ship Terms\" link=\"url:http%3A%2F%2Fwww.kerimshipping.com%2F%3Fpage_id%3D62|title:D%C3%B6k%C3%BCmanlar||\"][\/vc_tta_section][vc_tta_section title=\"Follow\" tab_id=\"1553261841855-9aa9f039-dd52\"][vc_btn title=\"Write to us for Container Tracking\" link=\"url:mailto%3Ainfo%40kerimshipping.com|||\"][\/vc_tta_section][\/vc_tta_tour][\/vc_column][\/vc_row][vc_row][vc_column][vc_cta h2=\"EQU\u0130PMENT FLEET\"]\n\n<span style=\"font-size: 10pt;\">5 PCS 32 TONS FORKLIFTS<\/span>\n<span style=\"font-size: 10pt;\">1 PCS 28 TONS FORKLIFT (RO-RO TYPE)<\/span>\n<span style=\"font-size: 10pt;\">2 PCS 10 TONS FORKLIFT<\/span>\n<span style=\"font-size: 10pt;\">3 PCS 7 TONS FORKLIFTS<\/span>\n<span style=\"font-size: 10pt;\">1 PCS 4 TONS FORKLIFT<\/span>\n<span style=\"font-size: 10pt;\">2 PCS 3 TONS FORKLIFTS<\/span>\n<span style=\"font-size: 10pt;\">1 PCS EMPTY CONTAINER STACKER (10 TONS)<\/span>\n<span style=\"font-size: 10pt;\">1 PCS 20\u2019 CONTAINER SPREADER<\/span>\n<span style=\"font-size: 10pt;\">1 PCS 40\u2019 CONTAINER SPREADER<\/span>\n<span style=\"font-size: 10pt;\">3 TRUCKS AND TRAILERS<\/span>\n\n<span style=\"font-size: 10pt;\">BLOCK MARBLE STOCK KEEPING WAREHOUSE:<\/span>\n\n<span style=\"font-size: 10pt;\">Area : 300 meters from from Mersin Harbour connected with a decent road. There is also direct connection to the railroad in the area which enables direct transportation and discharging in our warehouse on railway wagons. There is 24 hrs survailance cameras for security purposes.<\/span>\n\n[\/vc_cta][\/vc_column][\/vc_row][vc_row][vc_column][vc_hoverbox image=\"206\" primary_title=\"Deniz Ta\u015f\u0131mac\u0131l\u0131\u011f\u0131\" hover_title=\"Deniz Ta\u015f\u0131mac\u0131l\u0131\u011f\u0131\"]Deniz Ta\u015f\u0131mac\u0131l\u0131\u011f\u0131 Hakk\u0131nda k\u0131sa bilgilendirme[\/vc_hoverbox][\/vc_column][\/vc_row]","_en_post_name":"ornek-sayfa","_en_post_excerpt":"\n\t\t\t\t\t\t","_en_post_title":"Home Page","edit_language":"tr"},"_links":{"self":[{"href":"https:\/\/www.kerimdenizcilik.com\/index.php?rest_route=\/wp\/v2\/pages\/59"}],"collection":[{"href":"https:\/\/www.kerimdenizcilik.com\/index.php?rest_route=\/wp\/v2\/pages"}],"about":[{"href":"https:\/\/www.kerimdenizcilik.com\/index.php?rest_route=\/wp\/v2\/types\/page"}],"author":[{"embeddable":true,"href":"https:\/\/www.kerimdenizcilik.com\/index.php?rest_route=\/wp\/v2\/users\/1"}],"replies":[{"embeddable":true,"href":"https:\/\/www.kerimdenizcilik.com\/index.php?rest_route=%2Fwp%2Fv2%2Fcomments&post=59"}],"version-history":[{"count":56,"href":"https:\/\/www.kerimdenizcilik.com\/index.php?rest_route=\/wp\/v2\/pages\/59\/revisions"}],"predecessor-version":[{"id":280,"href":"https:\/\/www.kerimdenizcilik.com\/index.php?rest_route=\/wp\/v2\/pages\/59\/revisions\/280"}],"wp:attachment":[{"href":"https:\/\/www.kerimdenizcilik.com\/index.php?rest_route=%2Fwp%2Fv2%2Fmedia&parent=59"}],"curies":[{"name":"wp","href":"https:\/\/api.w.org\/{rel}","templated":true}]}}