{"id":29,"date":"2019-02-28T13:34:49","date_gmt":"2019-02-28T10:34:49","guid":{"rendered":"http:\/\/10.0.2.253:81\/wordpress\/wordpress-5.0.3-tr_TR\/wordpress\/?page_id=29"},"modified":"2022-02-21T12:48:08","modified_gmt":"2022-02-21T12:48:08","slug":"hakkimizda","status":"publish","type":"page","link":"https:\/\/www.kerimdenizcilik.com\/?page_id=29","title":{"rendered":"Hakk\u0131m\u0131zda"},"content":{"rendered":"<p>[vc_row][vc_column][vc_column_text]KER\u0130M DEN\u0130ZC\u0130L\u0130K FAAL\u0130YETLER\u0130<\/p>\n<p>Kerim Denizcilik Ticaret ve Sanayi A.\u015e. 1992 y\u0131l\u0131nda ticari hayat\u0131na ba\u015flad\u0131 ve sab\u0131rla \u00e7al\u0131\u015farak sa\u011flam bir temel olu\u015fturduktan sonra \u00fcst katlar\u0131 in\u015fa etmeye ba\u015flad\u0131.<\/p>\n<p>Bilgi birikimleri yeterli d\u00fczeye ula\u015ft\u0131k\u00e7a faaliyet alanlar\u0131 da \u00e7e\u015fitlenmeye ba\u015flad\u0131.<\/p>\n<p>1992 y\u0131l\u0131nda sadece Gemi Acenteli\u011fi Hizmetleri ile faaliyete ge\u00e7en firmam\u0131z 1994 y\u0131l\u0131nda G\u00fcmr\u00fckleme Hizmetlerine ve bu hizmetin zorunlulu\u011fu olarak kara ta\u015f\u0131mac\u0131l\u0131\u011f\u0131 hizmetlerine ba\u015flad\u0131. A\u011f\u0131rl\u0131kl\u0131 olarak mermer g\u00fcmr\u00fckleme hizmetlerinin sunulmas\u0131n\u0131n do\u011fal sonucu olarak da 1995 y\u0131l\u0131nda Blok Mermer Stok Sahas\u0131 olu\u015fturarak bu alanda da hizmet vermeye ba\u015flad\u0131.<\/p>\n<p>Acentelik Hizmetleri konusundaki tecr\u00fcbelerimiz ise \u00e7ok daha eskilere dayanmaktad\u0131r. 1974 y\u0131l\u0131ndan itibaren Denizcilik hizmetlerinde uzman olan iki b\u00fcy\u00fck firmada \u00e7e\u015fitli kademelerde Gemi Acenteli\u011fi, Konteyner Hizmetleri ve Kara Nakilye Hizmetleri konular\u0131nda edinilen derin tecr\u00fcbelerin birle\u015ftirilmesi sonucu 1992 y\u0131l\u0131nda Kerim Denizcilik Ticaret ve Sanayi A.\u015e. de\u011ferli m\u00fc\u015fterilerine kaliteli hizmet sunmaya ba\u015flam\u0131\u015ft\u0131r. Ayn\u0131 zamanda, Gemi personeli Transfer Hizmetleri ile Gemi Kumanya ve Sair \u0130htiya\u00e7lar Temin Hizmetleri de sunmaktay\u0131z.<\/p>\n<p>Ayr\u0131ca 11.08.2008 den bu yana MIP (Mersin International Port \u2013 Mersin Uluslararas\u0131 Liman\u0131) Alty\u00fcklenicisi olarak MIP Kara Terminali\u2019nde (Toki Sahas\u0131) konteyner elle\u00e7leme, bo\u015f konteyner serme ve i\u00e7 dolum hizmetlerini vermekteyiz.<\/p>\n<p>Bu g\u00fcn 39 \u00e7al\u0131\u015fan\u0131 ile m\u00fc\u015fteri memnuniyetini hedef alan firmam\u0131z bu hedefe ula\u015fmak i\u00e7in hizmet politikalar\u0131n\u0131 s\u00fcrekli olarak geli\u015ftirmekte ve t\u00fcm \u00e7al\u0131\u015fanlar\u0131 ile gelece\u011fe umutla bakmaktad\u0131r.<\/p>\n<p>H\u0130ZMETLER\u0130M\u0130Z:<\/p>\n<ol>\n<li style=\"list-style-type: none;\">\n<ol>\n<li>GEM\u0130 ACENTEL\u0130K H\u0130ZMETLER\u0130<\/li>\n<li>FORWARDER H\u0130ZMETLER\u0130<\/li>\n<li>G\u00dcMR\u00dcKLEME H\u0130ZMETLER\u0130<\/li>\n<li>YURT \u0130\u00c7\u0130 YURT DI\u015eI KARA NAKL\u0130YE H\u0130ZMETLER\u0130<\/li>\n<li>BLOK MERMER STOK SAHASI H\u0130ZMETLER\u0130<\/li>\n<li>KONTEYNER TA\u015eIMACILI\u011eI H\u0130ZMETLER\u0130<\/li>\n<li>MERS\u0130N ULUSLARARASI \u00a0L\u0130MANI MADEN VE MERMER DOLUM SAHASI TA\u015eERONLU\u011eU<\/li>\n<li>GEM\u0130 PERSONEL\u0130 TRANSFER H\u0130ZMETLER\u0130<\/li>\n<li>GEM\u0130 KUMANYA VE SA\u0130R \u0130HT\u0130YA\u00c7LAR TEM\u0130N H\u0130ZMETLER\u0130<\/li>\n<\/ol>\n<\/li>\n<\/ol>\n<p>MAK\u0130NE PARKIMIZ:<\/p>\n<p>5 ADET 32 TONLUK FORK LIFT<br \/>\n1 ADET 28 TONLUK FOR LIFT<br \/>\n2 ADET 10 TONLUK BO\u015e KONTEYNER \u0130ST\u0130FLEME MAK\u0130NASI (STACKER)<br \/>\n3 ADET 7 TONLUK FORK LIFT<br \/>\n1 ADET 5 TONLUK FORK LIFT<br \/>\n1 ADET 4 TONLUK FORK LIFT<br \/>\n2 ADET 3 TONLUK FORK LIFT<br \/>\n3 ADET ROMORKLU TIR<br \/>\n1 ADET 20\u2019 KONTEYNER SPREADER ATA\u015eMANI<br \/>\n1 ADET 40\u2019 KONTEYNER SPREADER ATA\u015eMANI<\/p>\n<p>BLOK MERMER VE KONTEYNER STOK SAHASI:<\/p>\n<p>Ana yola 20 m. Limana 300 m mesafede ayr\u0131ca demiryolu ula\u015f\u0131m\u0131 olan, demiryoluyla g\u00f6nderilen mallar\u0131n do\u011frudan saha i\u00e7erisine vagonlarla getirilerek tahliye imkan\u0131 olan, 24 saat g\u00fcvenlik g\u00f6revlisi ve g\u00fcvenlik kameralar\u0131 kontrol\u00fcnde olan 30 d\u00f6n\u00fcm a\u00e7\u0131k stok saham\u0131z t\u00fcm talepler i\u00e7in 24 saat hizmet vermektedir.<\/p>\n<p>Hizmetlerimizi hi\u00e7bir \u015fekilde aksatmadan t\u00fcm m\u00fc\u015fterilerimize lay\u0131k olduklar\u0131 en iyi hizmeti vermeye \u00e7al\u0131\u015farak, elimizdeki imkanlar\u0131 en iyi \u015fekilde de\u011ferlendirerek hizmet yelpazemizi siz m\u00fc\u015fterilerimizden de gelen tavsiyeler do\u011frultusunda geni\u015fletip \u00e7e\u015fitlendirerek kendini geli\u015ftirmeye \u00e7al\u0131\u015fan KER\u0130M DEN\u0130ZC\u0130L\u0130K, Mersin Liman\u0131ndan yap\u0131lan konteyner ta\u015f\u0131mac\u0131l\u0131\u011f\u0131, akaryak\u0131t\u00a0 tankerleri tahliye ve y\u00fcklemesi, d\u00f6kme gemi ta\u015f\u0131mac\u0131l\u0131\u011f\u0131, mermer ihracat\u0131 g\u00fcmr\u00fcklemesi, kara nakliyesi konular\u0131nda iyi organize olmu\u015f kurumu ve tecr\u00fcbeli elemanlar\u0131yla kaliteli, g\u00fcler y\u00fczl\u00fc ve yo\u011fun hizmetlerini siz m\u00fc\u015fterilerimize sunmaktan gurur duymaktad\u0131r.<\/p>\n<p>OLU\u015eTURDU\u011eUMUZ KONSORS\u0130YUMLAR<\/p>\n<p>DEM\u0130RYOLU ALT VE \u00dcST YAPI \u0130\u015eLER\u0130:<\/p>\n<p>ZANOK TEKNOLOJ\u0130 \u0130\u00c7 VE DI\u015e T\u0130CARET LTD.<\/p>\n<p>BAYRAM ZANAPALIO\u011eLU (UZMAN DEM\u0130RYOLU M\u00dcHEND\u0130S\u0130)<\/p>\n<p>UYGULAMA YAPTI\u011eIMIZ HATLAR:<\/p>\n<p>TCDD Mersin-Yenice aras\u0131 2. Hat yap\u0131m\u0131<br \/>\nTCDD Ispartakule-\u00c7atalca aras\u0131 mevcut demiryolunun tamamen s\u00f6k\u00fclerek alt yap\u0131s\u0131 ile birlikte yap\u0131lmas\u0131<br \/>\nTCDD \u00c7atalca- \u00c7erkezk\u00f6y aras\u0131 mevcut yolun tamamen s\u00f6k\u00fclerek yeniden yap\u0131lmas\u0131<br \/>\nTCDD Mersin gar- Opet aras\u0131 iltisak hatt\u0131 yap\u0131m\u0131<br \/>\nTCDD Gaziantep-Ba\u015fp\u0131nar Organize Sanayi B\u00f6lgesine Lojistik Merkezi ve \u0130ltisak Hatlar\u0131n\u0131n yap\u0131m\u0131<\/p>\n<p>NAKL\u0130YE \u0130\u015eLER\u0130: Y\u0130\u011e\u0130T A\u011eIR NAKL\u0130YAT<\/p>\n<p>Yumurtal\u0131k \u2013 \u0130ncirlik aras\u0131 6000 ton ray nakli ger\u00e7ekle\u015ftirilmi\u015ftir.<\/p>\n<p>I.T. \u0130\u015eLER\u0130: \u0130NOKAS B\u0130LG\u0130 S\u0130STEMLER\u0130<\/p>\n<p>\u0130nokas olarak 3 ana ba\u015fl\u0131kta projeler yap\u0131yoruz: S\u0130STEM ( Storage, Sanalla\u015ft\u0131rma, Sunucu, Yedekleme \u00c7\u00f6z\u00fcmleri ) NETWORK ( Kablolu ve Kablosuz network \u00e7\u00f6z\u00fcmleri ) G\u00dcVENL\u0130K ( A\u011f g\u00fcvenlik \u00c7\u00f6z\u00fcmleri &#8211; Firewall, Load Balancer, WAF, DBF, DLP&#8230; )<\/p>\n<p>\u00c7ALI\u015eTI\u011eIMIZ \u00dcRET\u0130C\u0130LER ( DELLEMC &#8211; EXTREME NETWORKS &#8211; CISCO &#8211; LENOVO &#8211; VMWARE &#8211; VEEAM &#8211; FORTINET &#8211; MCAFEE &#8211; FORCEPOINT &#8211; MICROSOFT &#8211; ARISTA NETWORKS &#8211; HIKVISION &#8211; PELCO&#8230; )<\/p>\n<p>Sunucu Storage Network ve Bilgi Guvenligi konulari ile ilgileniyoruz.<\/p>\n<p>www.inokas.com[\/vc_column_text][\/vc_column][\/vc_row]<\/p>\n","protected":false},"excerpt":{"rendered":"<p>[vc_row][vc_column][vc_column_text]KER\u0130M DEN\u0130ZC\u0130L\u0130K FAAL\u0130YETLER\u0130 Kerim Denizcilik Ticaret ve Sanayi A.\u015e. 1992 y\u0131l\u0131nda ticari hayat\u0131na ba\u015flad\u0131 ve sab\u0131rla \u00e7al\u0131\u015farak sa\u011flam bir temel olu\u015fturduktan sonra \u00fcst katlar\u0131 in\u015fa etmeye ba\u015flad\u0131. Bilgi birikimleri yeterli d\u00fczeye ula\u015ft\u0131k\u00e7a faaliyet alanlar\u0131 da \u00e7e\u015fitlenmeye ba\u015flad\u0131. 1992 y\u0131l\u0131nda sadece Gemi Acenteli\u011fi Hizmetleri ile faaliyete ge\u00e7en firmam\u0131z 1994 y\u0131l\u0131nda G\u00fcmr\u00fckleme Hizmetlerine ve bu hizmetin zorunlulu\u011fu &hellip; <a href=\"https:\/\/www.kerimdenizcilik.com\/?page_id=29\" class=\"more-link\">Okumaya devam et <span class=\"screen-reader-text\">Hakk\u0131m\u0131zda<\/span><\/a><\/p>\n","protected":false},"author":1,"featured_media":0,"parent":0,"menu_order":0,"comment_status":"closed","ping_status":"closed","template":"","meta":{"_tr_post_content":"[vc_row][vc_column][vc_column_text]KER\u0130M DEN\u0130ZC\u0130L\u0130K FAAL\u0130YETLER\u0130\n\nKerim Denizcilik Ticaret ve Sanayi A.\u015e. 1992 y\u0131l\u0131nda ticari hayat\u0131na ba\u015flad\u0131 ve sab\u0131rla \u00e7al\u0131\u015farak sa\u011flam bir temel olu\u015fturduktan sonra \u00fcst katlar\u0131 in\u015fa etmeye ba\u015flad\u0131.\n\nBilgi birikimleri yeterli d\u00fczeye ula\u015ft\u0131k\u00e7a faaliyet alanlar\u0131 da \u00e7e\u015fitlenmeye ba\u015flad\u0131.\n\n1992 y\u0131l\u0131nda sadece Gemi Acenteli\u011fi Hizmetleri ile faaliyete ge\u00e7en firmam\u0131z 1994 y\u0131l\u0131nda G\u00fcmr\u00fckleme Hizmetlerine ve bu hizmetin zorunlulu\u011fu olarak kara ta\u015f\u0131mac\u0131l\u0131\u011f\u0131 hizmetlerine ba\u015flad\u0131. A\u011f\u0131rl\u0131kl\u0131 olarak mermer g\u00fcmr\u00fckleme hizmetlerinin sunulmas\u0131n\u0131n do\u011fal sonucu olarak da 1995 y\u0131l\u0131nda Blok Mermer Stok Sahas\u0131 olu\u015fturarak bu alanda da hizmet vermeye ba\u015flad\u0131.\n\nAcentelik Hizmetleri konusundaki tecr\u00fcbelerimiz ise \u00e7ok daha eskilere dayanmaktad\u0131r. 1974 y\u0131l\u0131ndan itibaren Denizcilik hizmetlerinde uzman olan iki b\u00fcy\u00fck firmada \u00e7e\u015fitli kademelerde Gemi Acenteli\u011fi, Konteyner Hizmetleri ve Kara Nakilye Hizmetleri konular\u0131nda edinilen derin tecr\u00fcbelerin birle\u015ftirilmesi sonucu 1992 y\u0131l\u0131nda Kerim Denizcilik Ticaret ve Sanayi A.\u015e. de\u011ferli m\u00fc\u015fterilerine kaliteli hizmet sunmaya ba\u015flam\u0131\u015ft\u0131r. Ayn\u0131 zamanda, Gemi personeli Transfer Hizmetleri ile Gemi Kumanya ve Sair \u0130htiya\u00e7lar Temin Hizmetleri de sunmaktay\u0131z.\n\nAyr\u0131ca 11.08.2008 den bu yana MIP (Mersin International Port \u2013 Mersin Uluslararas\u0131 Liman\u0131) Alty\u00fcklenicisi olarak MIP Kara Terminali\u2019nde (Toki Sahas\u0131) konteyner elle\u00e7leme, bo\u015f konteyner serme ve i\u00e7 dolum hizmetlerini vermekteyiz.\n\nBu g\u00fcn 39 \u00e7al\u0131\u015fan\u0131 ile m\u00fc\u015fteri memnuniyetini hedef alan firmam\u0131z bu hedefe ula\u015fmak i\u00e7in hizmet politikalar\u0131n\u0131 s\u00fcrekli olarak geli\u015ftirmekte ve t\u00fcm \u00e7al\u0131\u015fanlar\u0131 ile gelece\u011fe umutla bakmaktad\u0131r.\n\nH\u0130ZMETLER\u0130M\u0130Z:\n<ol>\n \t<li style=\"list-style-type: none;\">\n<ol>\n \t<li>GEM\u0130 ACENTEL\u0130K H\u0130ZMETLER\u0130<\/li>\n \t<li>FORWARDER H\u0130ZMETLER\u0130<\/li>\n \t<li>G\u00dcMR\u00dcKLEME H\u0130ZMETLER\u0130<\/li>\n \t<li>YURT \u0130\u00c7\u0130 YURT DI\u015eI KARA NAKL\u0130YE H\u0130ZMETLER\u0130<\/li>\n \t<li>BLOK MERMER STOK SAHASI H\u0130ZMETLER\u0130<\/li>\n \t<li>KONTEYNER TA\u015eIMACILI\u011eI H\u0130ZMETLER\u0130<\/li>\n \t<li>MERS\u0130N ULUSLARARASI \u00a0L\u0130MANI MADEN VE MERMER DOLUM SAHASI TA\u015eERONLU\u011eU<\/li>\n \t<li>GEM\u0130 PERSONEL\u0130 TRANSFER H\u0130ZMETLER\u0130<\/li>\n \t<li>GEM\u0130 KUMANYA VE SA\u0130R \u0130HT\u0130YA\u00c7LAR TEM\u0130N H\u0130ZMETLER\u0130<\/li>\n<\/ol>\n<\/li>\n<\/ol>\nMAK\u0130NE PARKIMIZ:\n\n5 ADET 32 TONLUK FORK LIFT\n1 ADET 28 TONLUK FOR LIFT\n2 ADET 10 TONLUK BO\u015e KONTEYNER \u0130ST\u0130FLEME MAK\u0130NASI (STACKER)\n3 ADET 7 TONLUK FORK LIFT\n1 ADET 5 TONLUK FORK LIFT\n1 ADET 4 TONLUK FORK LIFT\n2 ADET 3 TONLUK FORK LIFT\n3 ADET ROMORKLU TIR\n1 ADET 20\u2019 KONTEYNER SPREADER ATA\u015eMANI\n1 ADET 40\u2019 KONTEYNER SPREADER ATA\u015eMANI\n\nBLOK MERMER VE KONTEYNER STOK SAHASI:\n\nAna yola 20 m. Limana 300 m mesafede ayr\u0131ca demiryolu ula\u015f\u0131m\u0131 olan, demiryoluyla g\u00f6nderilen mallar\u0131n do\u011frudan saha i\u00e7erisine vagonlarla getirilerek tahliye imkan\u0131 olan, 24 saat g\u00fcvenlik g\u00f6revlisi ve g\u00fcvenlik kameralar\u0131 kontrol\u00fcnde olan 30 d\u00f6n\u00fcm a\u00e7\u0131k stok saham\u0131z t\u00fcm talepler i\u00e7in 24 saat hizmet vermektedir.\n\nHizmetlerimizi hi\u00e7bir \u015fekilde aksatmadan t\u00fcm m\u00fc\u015fterilerimize lay\u0131k olduklar\u0131 en iyi hizmeti vermeye \u00e7al\u0131\u015farak, elimizdeki imkanlar\u0131 en iyi \u015fekilde de\u011ferlendirerek hizmet yelpazemizi siz m\u00fc\u015fterilerimizden de gelen tavsiyeler do\u011frultusunda geni\u015fletip \u00e7e\u015fitlendirerek kendini geli\u015ftirmeye \u00e7al\u0131\u015fan KER\u0130M DEN\u0130ZC\u0130L\u0130K, Mersin Liman\u0131ndan yap\u0131lan konteyner ta\u015f\u0131mac\u0131l\u0131\u011f\u0131, akaryak\u0131t\u00a0 tankerleri tahliye ve y\u00fcklemesi, d\u00f6kme gemi ta\u015f\u0131mac\u0131l\u0131\u011f\u0131, mermer ihracat\u0131 g\u00fcmr\u00fcklemesi, kara nakliyesi konular\u0131nda iyi organize olmu\u015f kurumu ve tecr\u00fcbeli elemanlar\u0131yla kaliteli, g\u00fcler y\u00fczl\u00fc ve yo\u011fun hizmetlerini siz m\u00fc\u015fterilerimize sunmaktan gurur duymaktad\u0131r.\n\nOLU\u015eTURDU\u011eUMUZ KONSORS\u0130YUMLAR\n\nDEM\u0130RYOLU ALT VE \u00dcST YAPI \u0130\u015eLER\u0130:\n\nZANOK TEKNOLOJ\u0130 \u0130\u00c7 VE DI\u015e T\u0130CARET LTD.\n\nBAYRAM ZANAPALIO\u011eLU (UZMAN DEM\u0130RYOLU M\u00dcHEND\u0130S\u0130)\n\nUYGULAMA YAPTI\u011eIMIZ HATLAR:\n\nTCDD Mersin-Yenice aras\u0131 2. Hat yap\u0131m\u0131\nTCDD Ispartakule-\u00c7atalca aras\u0131 mevcut demiryolunun tamamen s\u00f6k\u00fclerek alt yap\u0131s\u0131 ile birlikte yap\u0131lmas\u0131\nTCDD \u00c7atalca- \u00c7erkezk\u00f6y aras\u0131 mevcut yolun tamamen s\u00f6k\u00fclerek yeniden yap\u0131lmas\u0131\nTCDD Mersin gar- Opet aras\u0131 iltisak hatt\u0131 yap\u0131m\u0131\nTCDD Gaziantep-Ba\u015fp\u0131nar Organize Sanayi B\u00f6lgesine Lojistik Merkezi ve \u0130ltisak Hatlar\u0131n\u0131n yap\u0131m\u0131\n\nNAKL\u0130YE \u0130\u015eLER\u0130: Y\u0130\u011e\u0130T A\u011eIR NAKL\u0130YAT\n\nYumurtal\u0131k \u2013 \u0130ncirlik aras\u0131 6000 ton ray nakli ger\u00e7ekle\u015ftirilmi\u015ftir.\n\nI.T. \u0130\u015eLER\u0130: \u0130NOKAS B\u0130LG\u0130 S\u0130STEMLER\u0130\n\n\u0130nokas olarak 3 ana ba\u015fl\u0131kta projeler yap\u0131yoruz: S\u0130STEM ( Storage, Sanalla\u015ft\u0131rma, Sunucu, Yedekleme \u00c7\u00f6z\u00fcmleri ) NETWORK ( Kablolu ve Kablosuz network \u00e7\u00f6z\u00fcmleri ) G\u00dcVENL\u0130K ( A\u011f g\u00fcvenlik \u00c7\u00f6z\u00fcmleri - Firewall, Load Balancer, WAF, DBF, DLP... )\n\n\u00c7ALI\u015eTI\u011eIMIZ \u00dcRET\u0130C\u0130LER ( DELLEMC - EXTREME NETWORKS - CISCO - LENOVO - VMWARE - VEEAM - FORTINET - MCAFEE - FORCEPOINT - MICROSOFT - ARISTA NETWORKS - HIKVISION - PELCO... )\n\nSunucu Storage Network ve Bilgi Guvenligi konulari ile ilgileniyoruz.\n\nwww.inokas.com[\/vc_column_text][\/vc_column][\/vc_row]","_tr_post_name":"hakkimizda","_tr_post_excerpt":"\n\t\t\t\t\t\t","_tr_post_title":"Hakk\u0131m\u0131zda","_en_post_content":"KERIM DENIZCILIK TICARET VE SANAYI A.S.\n\nStarted its commercial life in 1992. After forming a sound and rigid foundation, we started building the upper stores. As our knowhow accumulated and reached the sufficient level, our interest areas started geting wider. Starting just as Shipping Agents and Forwarders at all Turkish Ports in 1992, we started serving as Customs Broker Agency and an inevitable result of this activity was to start business in Domestic Terrestrial Transportation in 1994. We are also serving for Transit Transportation to Iran, Iraq, Syria, Turkic Republics, Ukrain, Russia, etc. As a natural result of serving mainly in marble exports, we formed a marble stock yard and submited our services to the customers in this sector also. And finally we started serving in Liner Services for \u00a0Container Transportatiton sector. We also have Vessel Crew Transfer Services and Ship Supplier Services.\n\nAlso since 11.08.2008 we are the subcontractors of MIP Land Terminal ( Toki Area) for empty containers handling and marble stuffing in Mersin Toki Area. Due to our close relations with marble exporters as their Customs Broker Agent, we also serve them as their forwarders especially for exports to Far East Countries.\n\nToday together with our 39 employees, our main goal is customer satisfaction and pleasure. In order to reach this goal, we are constantly improving our service policies and we are viewing the future with \u00a0unbreakable hopes.\n\nOur company motto is: \u201cALWAYS TOGETHER FOR THE BETTER\u201d.\n\nOUR SERVICES :\n<ol>\n \t<li>SHIPPING AGENCY SERVICES<\/li>\n \t<li>LINER (CONTAINER) AGENCY SERVICES<\/li>\n \t<li>FORWARDING SERVICES<\/li>\n \t<li>CUSTOMS BROKER SERVICES<\/li>\n \t<li>DOMESTIC AND INTERNATIONAL TRANSPORTATION SERVICES<\/li>\n \t<li>BLOCK MARBLE STOCK KEEPING WAREHOUSE<\/li>\n \t<li>MIP SUBCONTRACTOR FOR CONTAINER STUFFING AND HANDLING \u00a0AT MIP \u00a0LAND TERMINAL<\/li>\n \t<li>VESSEL CREW TRANSFERS<\/li>\n \t<li>SHIP SUPPLIER SERVICES<\/li>\n<\/ol>\nOUR EQUIPMENT PARK:\n\n5 PCS 32 TONS FORKLIFTS\n\n1 PCS 28 TONS FORKLIFT (RO-RO TYPE)\n\n2 PCS 10 TONS FORKLIFT\n\n3 PCS\u00a0 7\u00a0 TONS FORKLIFTS\n\n1 PCS\u00a0 4\u00a0 TONS FORKLIFT\n\n2 PCS\u00a0 3\u00a0 TONS FORKLIFTS\n\n1 PCS\u00a0 EMPTY CONTAINER STACKER (10 TONS)\n\n1 PCS 20\u2019 CONTAINER SPREADER\n\n1 PCS 40\u2019 CONTAINER SPREADER\n\n3 TRUCKS AND TRAILERS\n\nBLOCK MARBLE STOCK KEEPING \u00a0WAREHOUSE:\n\nArea : 300 meters from from Mersin Harbour connected with a decent road. There is also direct connection to the railroad in the area which enables direct transportation and discharging in our warehouse on railway wagons. There is 24 hrs survailance cameras for security purposes.","_en_post_name":"","_en_post_excerpt":"","_en_post_title":"About","edit_language":"tr"},"_links":{"self":[{"href":"https:\/\/www.kerimdenizcilik.com\/index.php?rest_route=\/wp\/v2\/pages\/29"}],"collection":[{"href":"https:\/\/www.kerimdenizcilik.com\/index.php?rest_route=\/wp\/v2\/pages"}],"about":[{"href":"https:\/\/www.kerimdenizcilik.com\/index.php?rest_route=\/wp\/v2\/types\/page"}],"author":[{"embeddable":true,"href":"https:\/\/www.kerimdenizcilik.com\/index.php?rest_route=\/wp\/v2\/users\/1"}],"replies":[{"embeddable":true,"href":"https:\/\/www.kerimdenizcilik.com\/index.php?rest_route=%2Fwp%2Fv2%2Fcomments&post=29"}],"version-history":[{"count":6,"href":"https:\/\/www.kerimdenizcilik.com\/index.php?rest_route=\/wp\/v2\/pages\/29\/revisions"}],"predecessor-version":[{"id":306,"href":"https:\/\/www.kerimdenizcilik.com\/index.php?rest_route=\/wp\/v2\/pages\/29\/revisions\/306"}],"wp:attachment":[{"href":"https:\/\/www.kerimdenizcilik.com\/index.php?rest_route=%2Fwp%2Fv2%2Fmedia&parent=29"}],"curies":[{"name":"wp","href":"https:\/\/api.w.org\/{rel}","templated":true}]}}